{"id":10688,"date":"2021-11-27T09:03:43","date_gmt":"2021-11-27T09:03:43","guid":{"rendered":"https:\/\/animeweekend.lt\/kontaktai\/"},"modified":"2023-09-20T09:00:39","modified_gmt":"2023-09-20T09:00:39","slug":"kontaktai","status":"publish","type":"page","link":"https:\/\/animeweekend.lt\/en\/kontaktai\/","title":{"rendered":"Contacts"},"content":{"rendered":"\t\t<div data-elementor-type=\"wp-page\" data-elementor-id=\"10688\" class=\"elementor elementor-10688 elementor-9259\">\n\t\t\t\t\t\t\t\t\t<section class=\"wd-negative-gap elementor-section elementor-top-section elementor-element elementor-element-b506607 elementor-section-boxed elementor-section-height-default elementor-section-height-default wd-section-disabled\" data-id=\"b506607\" data-element_type=\"section\">\n\t\t\t\t\t\t<div class=\"elementor-container elementor-column-gap-default\">\n\t\t\t\t\t<div class=\"elementor-column elementor-col-33 elementor-top-column elementor-element elementor-element-516b0cb\" data-id=\"516b0cb\" data-element_type=\"column\">\n\t\t\t<div class=\"elementor-widget-wrap elementor-element-populated\">\n\t\t\t\t\t\t\t\t<div class=\"elementor-element elementor-element-e7bf98c elementor-widget elementor-widget-heading\" data-id=\"e7bf98c\" data-element_type=\"widget\" data-widget_type=\"heading.default\">\n\t\t\t\t<div class=\"elementor-widget-container\">\n\t\t\t<h4 class=\"elementor-heading-title elementor-size-default\">Company details<\/h4>\t\t<\/div>\n\t\t\t\t<\/div>\n\t\t\t\t<div class=\"elementor-element elementor-element-8c8e242 elementor-widget elementor-widget-wd_text_block\" data-id=\"8c8e242\" data-element_type=\"widget\" data-widget_type=\"wd_text_block.default\">\n\t\t\t\t<div class=\"elementor-widget-container\">\n\t\t\t\t\t\t<link rel=\"stylesheet\" id=\"wd-text-block-css\" href=\"https:\/\/animeweekend.lt\/wp-content\/themes\/woodmart\/css\/parts\/el-text-block.min.css?ver=7.3.0\" type=\"text\/css\" media=\"all\" \/> \t\t\t\t\t<div class=\"wd-text-block reset-last-child text-left\">\n\t\t\t\n\t\t\t<p><em><strong>V\u0161\u012e Bambukai<\/strong> <\/em><br \/>Company code: 305437149<br \/>Reg. Address: Fabijoni\u0161ki\u0173 g. 43-63, LT-07119 Vilnius<br \/>E-mail: info@animeweekend.lt<br \/>Tel: +370 636 88441<\/p>\n\t\t\t\t\t<\/div>\n\t\t\t\t<\/div>\n\t\t\t\t<\/div>\n\t\t\t\t<div class=\"elementor-element elementor-element-afcab58 elementor-widget elementor-widget-heading\" data-id=\"afcab58\" data-element_type=\"widget\" data-widget_type=\"heading.default\">\n\t\t\t\t<div class=\"elementor-widget-container\">\n\t\t\t<h4 class=\"elementor-heading-title elementor-size-default\">Bank details<\/h4>\t\t<\/div>\n\t\t\t\t<\/div>\n\t\t\t\t<div class=\"elementor-element elementor-element-d8b3b05 elementor-widget elementor-widget-wd_text_block\" data-id=\"d8b3b05\" data-element_type=\"widget\" data-widget_type=\"wd_text_block.default\">\n\t\t\t\t<div class=\"elementor-widget-container\">\n\t\t\t\t\t<div class=\"wd-text-block reset-last-child text-left\">\n\t\t\t\n\t\t\t<p>Beneficiary: <em><strong>V\u0161\u012e Bambukai<\/strong><\/em><br \/>Account: LT443500010007407713<br \/>Bank: \"Paysera LT\", UAB<br \/>SWIFT code: EVIULT2VXXX<br \/>Bank code: 35000<\/p>\n\t\t\t\t\t<\/div>\n\t\t\t\t<\/div>\n\t\t\t\t<\/div>\n\t\t\t\t\t<\/div>\n\t\t<\/div>\n\t\t\t\t<div class=\"elementor-column elementor-col-66 elementor-top-column elementor-element elementor-element-d731ae1\" data-id=\"d731ae1\" data-element_type=\"column\">\n\t\t\t<div class=\"elementor-widget-wrap\">\n\t\t\t\t\t\t\t\t\t<\/div>\n\t\t<\/div>\n\t\t\t\t\t\t\t<\/div>\n\t\t<\/section>\n\t\t\t\t\t\t\t<\/div>\n\t\t","protected":false},"excerpt":{"rendered":"<p>Company details V\u0161\u012e Bambukai Company code: 305437149Reg. Address: Fabijoni\u0161ki\u0173 g. 43-63, LT-07119 VilniusE-mail: info@animeweekend.ltTel: +370 636 88441 Bank details Beneficiary:<\/p>\n","protected":false},"author":1,"featured_media":0,"parent":0,"menu_order":0,"comment_status":"closed","ping_status":"closed","template":"","meta":{"_mi_skip_tracking":false,"_monsterinsights_sitenote_active":false,"_monsterinsights_sitenote_note":"","_monsterinsights_sitenote_category":0,"footnotes":""},"class_list":["post-10688","page","type-page","status-publish","hentry"],"aioseo_notices":[],"_links":{"self":[{"href":"https:\/\/animeweekend.lt\/en\/wp-json\/wp\/v2\/pages\/10688","targetHints":{"allow":["GET"]}}],"collection":[{"href":"https:\/\/animeweekend.lt\/en\/wp-json\/wp\/v2\/pages"}],"about":[{"href":"https:\/\/animeweekend.lt\/en\/wp-json\/wp\/v2\/types\/page"}],"author":[{"embeddable":true,"href":"https:\/\/animeweekend.lt\/en\/wp-json\/wp\/v2\/users\/1"}],"replies":[{"embeddable":true,"href":"https:\/\/animeweekend.lt\/en\/wp-json\/wp\/v2\/comments?post=10688"}],"version-history":[{"count":7,"href":"https:\/\/animeweekend.lt\/en\/wp-json\/wp\/v2\/pages\/10688\/revisions"}],"predecessor-version":[{"id":10701,"href":"https:\/\/animeweekend.lt\/en\/wp-json\/wp\/v2\/pages\/10688\/revisions\/10701"}],"wp:attachment":[{"href":"https:\/\/animeweekend.lt\/en\/wp-json\/wp\/v2\/media?parent=10688"}],"curies":[{"name":"wp","href":"https:\/\/api.w.org\/{rel}","templated":true}]}}